{"id":45,"date":"2019-05-25T15:49:39","date_gmt":"2019-05-25T15:49:39","guid":{"rendered":"https:\/\/it-ludwig.eu\/?page_id=45"},"modified":"2020-09-16T08:11:19","modified_gmt":"2020-09-16T06:11:19","slug":"about","status":"publish","type":"page","link":"https:\/\/it-ludwig.eu\/?page_id=45","title":{"rendered":"\u00dcber mich"},"content":{"rendered":"\n<figure class=\"wp-block-image\"><img loading=\"lazy\" decoding=\"async\" width=\"1024\" height=\"741\" src=\"https:\/\/it-ludwig.eu\/wp-content\/uploads\/2019\/05\/DSCN3119-1024x741.jpg\" alt=\"\" class=\"wp-image-70\" srcset=\"https:\/\/it-ludwig.eu\/wp-content\/uploads\/2019\/05\/DSCN3119-1024x741.jpg 1024w, https:\/\/it-ludwig.eu\/wp-content\/uploads\/2019\/05\/DSCN3119-300x217.jpg 300w, https:\/\/it-ludwig.eu\/wp-content\/uploads\/2019\/05\/DSCN3119-768x556.jpg 768w\" sizes=\"auto, (max-width: 1024px) 100vw, 1024px\" \/><\/figure>\n\n\n\n<p style=\"font-size:22px\">Ich hei\u00dfe Andreas Ludwig bin Jahrgang 1988, Bastler, Entwickler und Techniknerd.<\/p>\n\n\n\n<p style=\"font-size:22px\">Seit meiner Jungend besch\u00e4ftige ich mit den verschiedensten Arten von Technik.<\/p>\n\n\n\n<p style=\"font-size:22px\">Von Hard- und Software von Computern, Multimediager\u00e4ten wie Fernseher, Receiver, Heimkino und Spielekonsolen \u00fcber SmartHome-Techniken bis hin zu Handies, Smartphones und Tables.<\/p>\n\n\n\n<p style=\"font-size:22px\">Eine Ausbildung zum IT-Systemelektroniker mit Schwerpunkt auf Netzwerk und Administration rundet mein Portfolio ab.<\/p>\n","protected":false},"excerpt":{"rendered":"<p>Ich hei\u00dfe Andreas Ludwig bin Jahrgang 1988, Bastler, Entwickler und Techniknerd. Seit meiner Jungend besch\u00e4ftige ich mit den verschiedensten Arten von Technik. Von Hard- und Software von Computern, Multimediager\u00e4ten wie Fernseher, Receiver, Heimkino und Spielekonsolen \u00fcber SmartHome-Techniken bis hin zu Handies, Smartphones und Tables. Eine Ausbildung zum IT-Systemelektroniker mit Schwerpunkt auf Netzwerk und Administration rundet<\/p><\/div>\n<div class=\"blog-btn\"><a href=\"https:\/\/it-ludwig.eu\/?page_id=45\" class=\"home-blog-btn\">Weiterlesen<\/a><\/p>\n","protected":false},"author":1,"featured_media":0,"parent":0,"menu_order":0,"comment_status":"closed","ping_status":"closed","template":"template\/template-about.php","meta":{"footnotes":""},"class_list":["post-45","page","type-page","status-publish","hentry"],"_links":{"self":[{"href":"https:\/\/it-ludwig.eu\/index.php?rest_route=\/wp\/v2\/pages\/45","targetHints":{"allow":["GET"]}}],"collection":[{"href":"https:\/\/it-ludwig.eu\/index.php?rest_route=\/wp\/v2\/pages"}],"about":[{"href":"https:\/\/it-ludwig.eu\/index.php?rest_route=\/wp\/v2\/types\/page"}],"author":[{"embeddable":true,"href":"https:\/\/it-ludwig.eu\/index.php?rest_route=\/wp\/v2\/users\/1"}],"replies":[{"embeddable":true,"href":"https:\/\/it-ludwig.eu\/index.php?rest_route=%2Fwp%2Fv2%2Fcomments&post=45"}],"version-history":[{"count":6,"href":"https:\/\/it-ludwig.eu\/index.php?rest_route=\/wp\/v2\/pages\/45\/revisions"}],"predecessor-version":[{"id":678,"href":"https:\/\/it-ludwig.eu\/index.php?rest_route=\/wp\/v2\/pages\/45\/revisions\/678"}],"wp:attachment":[{"href":"https:\/\/it-ludwig.eu\/index.php?rest_route=%2Fwp%2Fv2%2Fmedia&parent=45"}],"curies":[{"name":"wp","href":"https:\/\/api.w.org\/{rel}","templated":true}]}}